{"id":24,"date":"2018-06-14T23:06:45","date_gmt":"2018-06-14T21:06:45","guid":{"rendered":"http:\/\/fv.lindennest.de\/?page_id=24"},"modified":"2019-01-09T13:07:10","modified_gmt":"2019-01-09T12:07:10","slug":"ueber-mich","status":"publish","type":"page","link":"http:\/\/fv.lindennest.de\/?page_id=24","title":{"rendered":"Mitglied werden!"},"content":{"rendered":"<blockquote><p>Jeder ist willkommen!<\/p><\/blockquote>\n<p>M\u00fctter \u2013 V\u00e4ter \u2013 Gro\u00dfeltern \u2013 Tanten und Onkel \u2013 Paten \u2013 Freunde \u2013 engagierte Gemeindemitglieder oder Einzelpersonen. Sie alle k\u00f6nnen uns mit einer Einmalspende oder einer Mitgliedschaft helfen.<\/p>\n<p>Den Mitgliedsantrag k\u00f6nnen Sie hier herunterladen -&gt; <a href=\"http:\/\/fv.lindennest.de\/wp-content\/uploads\/2019\/01\/Mitgliedsantrag.pdf\">Mitgliedsantrag<\/a><\/p>\n<p>Bitte f\u00fcllen Sie den Mitgliedsantrag aus und senden ihn unterschrieben per Post an: <em>F\u00f6rderverein Kindergarten Lindennest &#8211;\u00a0In der Breiten 31 &#8211;\u00a095349 Thurnau<\/em><br \/>\noder geben Sie den Antrag direkt im Kindergarten ab.<\/p>\n<p>Wir danken Ihnen f\u00fcr Ihre Unterst\u00fctzung.<\/p>\n","protected":false},"excerpt":{"rendered":"<p>Jeder ist willkommen! M\u00fctter \u2013 V\u00e4ter \u2013 Gro\u00dfeltern \u2013 Tanten und Onkel \u2013 Paten \u2013 Freunde \u2013 engagierte Gemeindemitglieder oder Einzelpersonen. Sie alle k\u00f6nnen uns mit einer Einmalspende oder einer Mitgliedschaft helfen. Den Mitgliedsantrag k\u00f6nnen Sie hier herunterladen -&gt; Mitgliedsantrag Bitte f\u00fcllen Sie den Mitgliedsantrag aus und senden ihn unterschrieben per Post an: F\u00f6rderverein Kindergarten &hellip; <\/p>\n<p class=\"link-more\"><a href=\"http:\/\/fv.lindennest.de\/?page_id=24\" class=\"more-link\"><span class=\"screen-reader-text\">\u201eMitglied werden!\u201c<\/span> weiterlesen<\/a><\/p>\n","protected":false},"author":1,"featured_media":54,"parent":0,"menu_order":0,"comment_status":"closed","ping_status":"closed","template":"","meta":{"footnotes":""},"class_list":["post-24","page","type-page","status-publish","has-post-thumbnail","hentry"],"_links":{"self":[{"href":"http:\/\/fv.lindennest.de\/index.php?rest_route=\/wp\/v2\/pages\/24","targetHints":{"allow":["GET"]}}],"collection":[{"href":"http:\/\/fv.lindennest.de\/index.php?rest_route=\/wp\/v2\/pages"}],"about":[{"href":"http:\/\/fv.lindennest.de\/index.php?rest_route=\/wp\/v2\/types\/page"}],"author":[{"embeddable":true,"href":"http:\/\/fv.lindennest.de\/index.php?rest_route=\/wp\/v2\/users\/1"}],"replies":[{"embeddable":true,"href":"http:\/\/fv.lindennest.de\/index.php?rest_route=%2Fwp%2Fv2%2Fcomments&post=24"}],"version-history":[{"count":8,"href":"http:\/\/fv.lindennest.de\/index.php?rest_route=\/wp\/v2\/pages\/24\/revisions"}],"predecessor-version":[{"id":116,"href":"http:\/\/fv.lindennest.de\/index.php?rest_route=\/wp\/v2\/pages\/24\/revisions\/116"}],"wp:featuredmedia":[{"embeddable":true,"href":"http:\/\/fv.lindennest.de\/index.php?rest_route=\/wp\/v2\/media\/54"}],"wp:attachment":[{"href":"http:\/\/fv.lindennest.de\/index.php?rest_route=%2Fwp%2Fv2%2Fmedia&parent=24"}],"curies":[{"name":"wp","href":"https:\/\/api.w.org\/{rel}","templated":true}]}}