{"id":27,"date":"2018-06-14T23:06:45","date_gmt":"2018-06-14T21:06:45","guid":{"rendered":"http:\/\/fv.lindennest.de\/?page_id=27"},"modified":"2018-08-30T21:35:46","modified_gmt":"2018-08-30T19:35:46","slug":"ein-startseiten-abschnitt","status":"publish","type":"page","link":"http:\/\/fv.lindennest.de\/?page_id=27","title":{"rendered":"Der F\u00f6rderverein"},"content":{"rendered":"<h4>Warum brauchen wir einen F\u00f6rderverein?<\/h4>\n<blockquote><p>Wir wollen unsere Kindertagesst\u00e4tte unterst\u00fctzen.<\/p><\/blockquote>\n<p>Steigende Kosten auf der einen und staatliche K\u00fcrzungen auf der anderen Seite f\u00fchren zu Finanzierungsl\u00fccken die der F\u00f6rderverein schlie\u00dfen will.<\/p>\n<p>Die Kindertagesst\u00e4tte kann ihre bew\u00e4hrte gute Arbeit nur dann ausf\u00fchren, wenn durch Ihre F\u00f6rdermitgliedschaft externe Hilfe geleistet wird.<\/p>\n<p>Durch unsere Aktionen und Gelder tragen wir dazu bei, dass unsere Kinder in der Kindertagesst\u00e4tte weiterhin die Betreuung und Umgebung bekommen, die f\u00fcr ihre Entwicklung optimal ist.<\/p>\n<h4>Wie arbeitet der F\u00f6rderverein?<\/h4>\n<p>Die Vorstandschaft des F\u00f6rdervereins arbeitet mit den Fachkr\u00e4ften der Kindertagesst\u00e4tte und dem Elternbeirat zusammen.<\/p>\n<p>Gemeinsam besprechen wir, was f\u00fcr die Kinder aktuell ben\u00f6tigt wird und welche Aktionen und Projekte anstehen, die der F\u00f6rderverein unterst\u00fctzen kann.<\/p>\n<p>\u00dcbersch\u00fcsse bei Veranstaltungen, die der Elternbeirat organisiert \u2013 wie zum Beispiel der Martinsumzug \u2013 kommen durch den F\u00f6rderverein zu 100 % den Kindern zugute.<\/p>\n<h4>Wie unterst\u00fctzt der F\u00f6rderverein die\u00a0 Kindertagesst\u00e4tte?<\/h4>\n<ul>\n<li>Anschaffung von zeitgem\u00e4\u00dfen und p\u00e4dagogischen Spiel- und Arbeitsmitteln<\/li>\n<li>Erweiterung und Instandhaltung der Inneneinrichtung und der Au\u00dfenanlage<\/li>\n<li>Durchf\u00fchrung von Festen, Ausfl\u00fcgen und Exkursionen<\/li>\n<li>F\u00f6rderung der Zusammenarbeit zwischen Eltern und Kindergarten<\/li>\n<\/ul>\n<h4>Anschaffungen und Unterst\u00fctzung<\/h4>\n<ul>\n<li>B\u00e4llebad<\/li>\n<li>Musikanlage<\/li>\n<li>Digitalkamera<\/li>\n<li>Laptop<\/li>\n<li>Beamer<\/li>\n<li>Tret-Traktor<\/li>\n<li>Verschiedene Spiele<\/li>\n<li>Lego<\/li>\n<li>Tassen \/ Teller<\/li>\n<li>B\u00fccherschr\u00e4nke<\/li>\n<li>Buch des Kindergartens<\/li>\n<li>Wasserspielplatz<\/li>\n<li>Bauwagen<\/li>\n<li>Nestschaukel<\/li>\n<li>Ausflugsfahrten<\/li>\n<li>Zeltlager<\/li>\n<li>\u2026 und vieles mehr<\/li>\n<\/ul>\n","protected":false},"excerpt":{"rendered":"<p>Warum brauchen wir einen F\u00f6rderverein? Wir wollen unsere Kindertagesst\u00e4tte unterst\u00fctzen. Steigende Kosten auf der einen und staatliche K\u00fcrzungen auf der anderen Seite f\u00fchren zu Finanzierungsl\u00fccken die der F\u00f6rderverein schlie\u00dfen will. Die Kindertagesst\u00e4tte kann ihre bew\u00e4hrte gute Arbeit nur dann ausf\u00fchren, wenn durch Ihre F\u00f6rdermitgliedschaft externe Hilfe geleistet wird. Durch unsere Aktionen und Gelder tragen wir &hellip; <\/p>\n<p class=\"link-more\"><a href=\"http:\/\/fv.lindennest.de\/?page_id=27\" class=\"more-link\"><span class=\"screen-reader-text\">\u201eDer F\u00f6rderverein\u201c<\/span> weiterlesen<\/a><\/p>\n","protected":false},"author":1,"featured_media":53,"parent":0,"menu_order":0,"comment_status":"closed","ping_status":"closed","template":"","meta":{"footnotes":""},"class_list":["post-27","page","type-page","status-publish","has-post-thumbnail","hentry"],"_links":{"self":[{"href":"http:\/\/fv.lindennest.de\/index.php?rest_route=\/wp\/v2\/pages\/27","targetHints":{"allow":["GET"]}}],"collection":[{"href":"http:\/\/fv.lindennest.de\/index.php?rest_route=\/wp\/v2\/pages"}],"about":[{"href":"http:\/\/fv.lindennest.de\/index.php?rest_route=\/wp\/v2\/types\/page"}],"author":[{"embeddable":true,"href":"http:\/\/fv.lindennest.de\/index.php?rest_route=\/wp\/v2\/users\/1"}],"replies":[{"embeddable":true,"href":"http:\/\/fv.lindennest.de\/index.php?rest_route=%2Fwp%2Fv2%2Fcomments&post=27"}],"version-history":[{"count":7,"href":"http:\/\/fv.lindennest.de\/index.php?rest_route=\/wp\/v2\/pages\/27\/revisions"}],"predecessor-version":[{"id":83,"href":"http:\/\/fv.lindennest.de\/index.php?rest_route=\/wp\/v2\/pages\/27\/revisions\/83"}],"wp:featuredmedia":[{"embeddable":true,"href":"http:\/\/fv.lindennest.de\/index.php?rest_route=\/wp\/v2\/media\/53"}],"wp:attachment":[{"href":"http:\/\/fv.lindennest.de\/index.php?rest_route=%2Fwp%2Fv2%2Fmedia&parent=27"}],"curies":[{"name":"wp","href":"https:\/\/api.w.org\/{rel}","templated":true}]}}